{"id":67,"date":"2025-03-25T13:04:06","date_gmt":"2025-03-25T13:04:06","guid":{"rendered":"https:\/\/airstreamcollective.ch\/de\/?page_id=67"},"modified":"2025-06-12T16:10:17","modified_gmt":"2025-06-12T16:10:17","slug":"ueber","status":"publish","type":"page","link":"https:\/\/airstreamcollective.ch\/de\/ueber\/","title":{"rendered":"\u00dcber"},"content":{"rendered":"\n<div class=\"wp-block-columns is-layout-flex wp-container-core-columns-is-layout-28f84493 wp-block-columns-is-layout-flex\">\n<div class=\"wp-block-column is-layout-flow wp-block-column-is-layout-flow\">\n<p>Air Stream Collective entwickelt und setzt Projekte an der Schnittstelle von Kunst, Wissenschaft und Gesellschaft um. Wir greifen aktuelle gesellschaftsrelevante Fragen auf, bringen Menschen zusammen und schaffen R\u00e4ume f\u00fcr Austausch und Innovation.<br><br>Transdisziplin\u00e4res Arbeiten ist das was wir m\u00f6gen und uns am Herzen liegt. Wenn Disziplinen, Praxis und Gesellschaft zusammenkommen, entsteht oft \u00dcberraschendes. Eingefahrene Denkweisen und Methoden brechen auf, unbekannte Perspektiven und Horizonte erschliessen sich. Es entwickeln sich neue und verbl\u00fcffende Sichtweisen und Erkenntnisse. Diese in unseren Projekten zu erproben und sie einer breiten \u00d6ffentlichkeit zug\u00e4nglich zu machen, sehen wir als wichtigen Beitrag zu unseren aktuellen Herausforderungen an.<\/p>\n\n\n\n<p>Air Stream Collective ist national und international t\u00e4tig, mit Sitz in der Schweiz.&nbsp;<\/p>\n<\/div>\n<\/div>\n\n\n\n<h1 class=\"wp-block-heading\">Initiantin und Gr\u00fcnderin&nbsp;<\/h1>\n\n\n\n<p>Air Stream Collective wurde von der Produzentin und Kulturmanagerin <a href=\"https:\/\/ursinamerkt.ch\/\" target=\"_blank\" rel=\"noreferrer noopener\">Ursina Merkt<\/a> ins Leben gerufen. Mit dem Kollektiv m\u00f6chte sie Projekte schaffen, die im Menschen Positives ausl\u00f6sen, die zum Nachdenken anregen und herausfordern. Projekte, die im Moment ihrer Entstehung die Macher:innen verzaubern und weiter befl\u00fcgeln, die Neuland betreten und uns ins Staunen versetzen.&nbsp;<\/p>\n\n\n\n<p>Ursina Merkt verf\u00fcgt \u00fcber langj\u00e4hrige Erfahrung im Aufbau und in der Leitung von Projekten unterschiedlicher Gr\u00f6sse und Ausrichtung &#8211; von kleinen Innovationsinitiativen bis hin zu kulturellen Grossprojekten. Das Zusammenbringen unterschiedlicher Fachrichtungen und Personen sowie die gemeinsame Erarbeitung und Umsetzung der Projekte spielen dabei eine zentrale Rolle ihrer Arbeit. Ihre Projekte bewegen sich zwischen Kunst, Natur, Architektur, Gesellschaft, Aktivismus und Wissenschaft.<\/p>\n\n\n\n<p>Der Pool an Mitstreiter:innen f\u00fcr das Kollektiv speist sich aus ihrem breiten Netzwerk, welches sie sich \u00fcber die letzten 25 Jahre im In- und Ausland aufgebaut hat, und erweitert sich st\u00e4ndig.<\/p>\n\n\n\n<p>Unterst\u00fctzt wird sie von einem engagierten Vorstand.<\/p>\n","protected":false},"excerpt":{"rendered":"<p>Air Stream Collective entwickelt und setzt Projekte an der Schnittstelle von Kunst, Wissenschaft und Gesellschaft um. Wir greifen aktuelle gesellschaftsrelevante Fragen auf, bringen Menschen zusammen und schaffen R\u00e4ume f\u00fcr Austausch und Innovation. Transdisziplin\u00e4res Arbeiten ist das was wir m\u00f6gen und uns am Herzen liegt. Wenn Disziplinen, Praxis und Gesellschaft zusammenkommen, entsteht oft \u00dcberraschendes. Eingefahrene Denkweisen [&hellip;]<\/p>\n","protected":false},"author":2,"featured_media":0,"parent":0,"menu_order":0,"comment_status":"closed","ping_status":"closed","template":"wp-custom-template-pages-ohne-foto-datum-de","meta":{"footnotes":""},"class_list":["post-67","page","type-page","status-publish","hentry"],"_links":{"self":[{"href":"https:\/\/airstreamcollective.ch\/de\/wp-json\/wp\/v2\/pages\/67","targetHints":{"allow":["GET"]}}],"collection":[{"href":"https:\/\/airstreamcollective.ch\/de\/wp-json\/wp\/v2\/pages"}],"about":[{"href":"https:\/\/airstreamcollective.ch\/de\/wp-json\/wp\/v2\/types\/page"}],"author":[{"embeddable":true,"href":"https:\/\/airstreamcollective.ch\/de\/wp-json\/wp\/v2\/users\/2"}],"replies":[{"embeddable":true,"href":"https:\/\/airstreamcollective.ch\/de\/wp-json\/wp\/v2\/comments?post=67"}],"version-history":[{"count":12,"href":"https:\/\/airstreamcollective.ch\/de\/wp-json\/wp\/v2\/pages\/67\/revisions"}],"predecessor-version":[{"id":423,"href":"https:\/\/airstreamcollective.ch\/de\/wp-json\/wp\/v2\/pages\/67\/revisions\/423"}],"wp:attachment":[{"href":"https:\/\/airstreamcollective.ch\/de\/wp-json\/wp\/v2\/media?parent=67"}],"curies":[{"name":"wp","href":"https:\/\/api.w.org\/{rel}","templated":true}]}}